{"id":2,"date":"2024-02-17T18:02:15","date_gmt":"2024-02-17T17:02:15","guid":{"rendered":"http:\/\/lendroit.restaurant\/?page_id=2"},"modified":"2026-03-04T17:31:34","modified_gmt":"2026-03-04T16:31:34","slug":"page-d-exemple","status":"publish","type":"page","link":"https:\/\/lendroit.restaurant\/","title":{"rendered":"Accueil"},"content":{"rendered":"<div role=\"form\" class=\"wpcf7\" id=\"wpcf7-f14-p14-o1\" lang=\"fr-FR\" dir=\"ltr\"><div><div class=\"wpcf7-form\"><div class=\"fit-the-fullspace\"><div><div class=\"screen-reader-response\"><p role=\"status\" aria-live=\"polite\" aria-atomic=\"true\"><\/p> <ul><\/ul><\/div><form action=\"\/index.php\/wp-json\/wp\/v2\/pages\/2#wpcf7-f14-p14-o1\" method=\"post\" class=\"wpcf7-form init\" enctype=\"\" autocomplete=\"autocomplete\" novalidate=\"novalidate\" data-status=\"init\" locale=\"fr_FR\"><div style=\"display: block;\"><input type=\"hidden\" name=\"_wpcf7\" value=\"14\" \/>\n<input type=\"hidden\" name=\"_wpcf7_version\" value=\"6.1.1\" \/>\n<input type=\"hidden\" name=\"_wpcf7_locale\" value=\"fr_FR\" \/>\n<input type=\"hidden\" name=\"_wpcf7_unit_tag\" value=\"wpcf7-f14-p14-o1\" \/>\n<input type=\"hidden\" name=\"_wpcf7_posted_data_hash\" value=\"\" \/>\n<input type=\"hidden\" name=\"_wpcf7_fit-the-fullspace\" value=\"\" \/>\n<\/div><p><label> Votre nom<br \/>\n<span class=\"wpcf7-form-control-wrap\" data-name=\"your-name\"><input size=\"40\" maxlength=\"400\" class=\"wpcf7-form-control wpcf7-text wpcf7-validates-as-required\" autocomplete=\"name\" aria-required=\"true\" aria-invalid=\"false\" value=\"\" type=\"text\" name=\"your-name\" \/><\/span> <\/label>\n<\/p>\n<p><label> Votre e-mail<br \/>\n<span class=\"wpcf7-form-control-wrap\" data-name=\"your-email\"><input size=\"40\" maxlength=\"400\" class=\"wpcf7-form-control wpcf7-email wpcf7-validates-as-required wpcf7-text wpcf7-validates-as-email\" autocomplete=\"email\" aria-required=\"true\" aria-invalid=\"false\" value=\"\" type=\"email\" name=\"your-email\" \/><\/span> <\/label>\n<\/p>\n<p><label> Objet<br \/>\n<span class=\"wpcf7-form-control-wrap\" data-name=\"your-subject\"><input size=\"40\" maxlength=\"400\" class=\"wpcf7-form-control wpcf7-text wpcf7-validates-as-required\" aria-required=\"true\" aria-invalid=\"false\" value=\"\" type=\"text\" name=\"your-subject\" \/><\/span> <\/label>\n<\/p>\n<p><label> Votre message (facultatif)<br \/>\n<span class=\"wpcf7-form-control-wrap\" data-name=\"your-message\"><textarea cols=\"40\" rows=\"10\" maxlength=\"2000\" class=\"wpcf7-form-control wpcf7-textarea\" aria-invalid=\"false\" name=\"your-message\"><\/textarea><\/span> <\/label>\n<\/p>\n<p><input class=\"wpcf7-form-control wpcf7-submit has-spinner\" type=\"submit\" value=\"Envoyer\" \/>\n<\/p>\n<p>Ce formulaire utilise Akismet pour r\u00e9duire le courrier ind\u00e9sirable. <a target=\"_blank\" rel=\"nofollow noopener\" href=\"https:\/\/akismet.com\/privacy\/\">D\u00e9couvrez comment vos donn\u00e9es sont trait\u00e9es.<\/a>\n<\/p><div class=\"wpcf7-response-output\" aria-hidden=\"true\"><\/div><\/form><\/div><\/div><\/div><\/div><\/div><div class=\"wpb-content-wrapper\"><p>[vc_row section_id=\u00a0\u00bbrestaurant\u00a0\u00bb][vc_column width=\u00a0\u00bb1\/2&Prime;]<div class=\"eut-element eut-slogan eut-align-left eut-animated-item eut-fadeIn\" style=\"\" data-delay=\"200\"><div class=\"eut-subtitle\">cuisine fran\u00e7aise et p\u00e9tillante<\/div><h1 class=\"eut-slogan-title eut-align-left eut-title-line\"><span>Bienvenue \u00e0 L'Endroit<\/span><\/h1>  <p class=\"eut-leader-text\">Bienvenue \u00e0 L&rsquo;Endroit, restaurant atypique et p\u00e9tillant \u2728<br \/>\nIci, l\u2019accueil est chaleureux et la cuisine enti\u00e8rement maison met \u00e0 l\u2019honneur des produits frais et locaux, pr\u00e9par\u00e9s avec soin. Entre plats savoureux, ambiance conviviale et desserts signatures qui font parler d\u2019eux, chaque passage devient une petite parenth\u00e8se gourmande \u00e0 partager. \ufffc<br \/>\nUn lieu simple et vivant o\u00f9 l\u2019on vient bien manger\u2026 et surtout prendre le temps de savourer l\u2019instant. \ud83c\udf77\ud83c\udf7d\ufe0f<\/p><\/div>[\/vc_column][vc_column width=\u00a0\u00bb1\/2&Prime;]<div class=\"eut-element eut-image eut-animated-item eut-fadeIn eut-align-center\" style=\"\" data-delay=\"200\"><img loading=\"lazy\" decoding=\"async\" width=\"600\" height=\"600\" src=\"https:\/\/lendroit.restaurant\/wp-content\/uploads\/2025\/03\/Untitled-design-1-600x600.png\" class=\"attachment-eut-image-small-square size-eut-image-small-square\" alt=\"\" srcset=\"https:\/\/lendroit.restaurant\/wp-content\/uploads\/2025\/03\/Untitled-design-1-600x600.png 600w, https:\/\/lendroit.restaurant\/wp-content\/uploads\/2025\/03\/Untitled-design-1-150x150.png 150w\" sizes=\"auto, (max-width: 600px) 100vw, 600px\" \/><\/div>[\/vc_column][\/vc_row][vc_row][vc_column]<div class=\"eut-element eut-hr \" style=\"padding-top: 50px;padding-bottom: 50px;\"><div class=\"eut-line-divider\"><\/div><\/div>[\/vc_column][\/vc_row][vc_row section_id=\u00a0\u00bbmenu\u00a0\u00bb][vc_column width=\u00a0\u00bb1\/3&Prime;]<div class=\"eut-element eut-slogan eut-align-left eut-animated-item eut-fadeIn\" style=\"\" data-delay=\"200\"><div class=\"eut-subtitle\">Hiver 2025\/2026<\/div><h1 class=\"eut-slogan-title eut-align-left eut-title-line\"><span>Notre carte de saison \/ Menu du midi<\/span><\/h1>  <p class=\"eut-leader-text\">A L&rsquo;Endroit, des produits 100% frais, 100% maison et produits locaux !!<\/p><\/div><div class=\"eut-element eut-carousel-wrapper\"  style=\" \"><div class=\"eut-carousel-navigation eut-dark\" data-navigation-type=\"1\">\t<div class=\"eut-carousel-buttons\">\t\t<div class=\"eut-carousel-prev eut-icon-nav-left\"><\/div>\t\t<div class=\"eut-carousel-next eut-icon-nav-right\"><\/div>\t<\/div><\/div><div class=\"eut-slider eut-carousel-element \" data-slider-speed=\"3500\" data-slider-pause=\"yes\" data-navigation-type=\"1\" data-slider-autoplay=\"yes\" data-slider-autoheight=\"no\"><div class=\"eut-slider-item\"><figure><div class=\"eut-media\"><img loading=\"lazy\" decoding=\"async\" width=\"1357\" height=\"1920\" src=\"https:\/\/lendroit.restaurant\/wp-content\/uploads\/2025\/12\/Standard-Menu-3-2-1357x1920.png\" class=\"attachment-eut-image-fullscreen size-eut-image-fullscreen\" alt=\"\" srcset=\"https:\/\/lendroit.restaurant\/wp-content\/uploads\/2025\/12\/Standard-Menu-3-2-1357x1920.png 1357w, https:\/\/lendroit.restaurant\/wp-content\/uploads\/2025\/12\/Standard-Menu-3-2-212x300.png 212w, https:\/\/lendroit.restaurant\/wp-content\/uploads\/2025\/12\/Standard-Menu-3-2-724x1024.png 724w, https:\/\/lendroit.restaurant\/wp-content\/uploads\/2025\/12\/Standard-Menu-3-2-768x1086.png 768w, https:\/\/lendroit.restaurant\/wp-content\/uploads\/2025\/12\/Standard-Menu-3-2-1086x1536.png 1086w, https:\/\/lendroit.restaurant\/wp-content\/uploads\/2025\/12\/Standard-Menu-3-2.png 1414w\" sizes=\"auto, (max-width: 1357px) 100vw, 1357px\" \/><\/div><\/figure><\/div><div class=\"eut-slider-item\"><figure><div class=\"eut-media\"><img loading=\"lazy\" decoding=\"async\" width=\"1357\" height=\"1920\" src=\"https:\/\/lendroit.restaurant\/wp-content\/uploads\/2025\/12\/Menu-Bar-General-Typographique-Simple-Vert-Pastel-210-x-297-mm-4-1357x1920.png\" class=\"attachment-eut-image-fullscreen size-eut-image-fullscreen\" alt=\"\" srcset=\"https:\/\/lendroit.restaurant\/wp-content\/uploads\/2025\/12\/Menu-Bar-General-Typographique-Simple-Vert-Pastel-210-x-297-mm-4-1357x1920.png 1357w, https:\/\/lendroit.restaurant\/wp-content\/uploads\/2025\/12\/Menu-Bar-General-Typographique-Simple-Vert-Pastel-210-x-297-mm-4-212x300.png 212w, https:\/\/lendroit.restaurant\/wp-content\/uploads\/2025\/12\/Menu-Bar-General-Typographique-Simple-Vert-Pastel-210-x-297-mm-4-724x1024.png 724w, https:\/\/lendroit.restaurant\/wp-content\/uploads\/2025\/12\/Menu-Bar-General-Typographique-Simple-Vert-Pastel-210-x-297-mm-4-768x1086.png 768w, https:\/\/lendroit.restaurant\/wp-content\/uploads\/2025\/12\/Menu-Bar-General-Typographique-Simple-Vert-Pastel-210-x-297-mm-4-1086x1536.png 1086w, https:\/\/lendroit.restaurant\/wp-content\/uploads\/2025\/12\/Menu-Bar-General-Typographique-Simple-Vert-Pastel-210-x-297-mm-4.png 1414w\" sizes=\"auto, (max-width: 1357px) 100vw, 1357px\" \/><\/div><\/figure><\/div><div class=\"eut-slider-item\"><figure><div class=\"eut-media\"><img loading=\"lazy\" decoding=\"async\" width=\"1357\" height=\"1920\" src=\"https:\/\/lendroit.restaurant\/wp-content\/uploads\/2025\/12\/Menu-Bar-General-Typographique-Simple-Vert-Pastel-210-x-297-mm-5-1357x1920.png\" class=\"attachment-eut-image-fullscreen size-eut-image-fullscreen\" alt=\"\" srcset=\"https:\/\/lendroit.restaurant\/wp-content\/uploads\/2025\/12\/Menu-Bar-General-Typographique-Simple-Vert-Pastel-210-x-297-mm-5-1357x1920.png 1357w, https:\/\/lendroit.restaurant\/wp-content\/uploads\/2025\/12\/Menu-Bar-General-Typographique-Simple-Vert-Pastel-210-x-297-mm-5-212x300.png 212w, https:\/\/lendroit.restaurant\/wp-content\/uploads\/2025\/12\/Menu-Bar-General-Typographique-Simple-Vert-Pastel-210-x-297-mm-5-724x1024.png 724w, https:\/\/lendroit.restaurant\/wp-content\/uploads\/2025\/12\/Menu-Bar-General-Typographique-Simple-Vert-Pastel-210-x-297-mm-5-768x1086.png 768w, https:\/\/lendroit.restaurant\/wp-content\/uploads\/2025\/12\/Menu-Bar-General-Typographique-Simple-Vert-Pastel-210-x-297-mm-5-1086x1536.png 1086w, https:\/\/lendroit.restaurant\/wp-content\/uploads\/2025\/12\/Menu-Bar-General-Typographique-Simple-Vert-Pastel-210-x-297-mm-5.png 1414w\" sizes=\"auto, (max-width: 1357px) 100vw, 1357px\" \/><\/div><\/figure><\/div><div class=\"eut-slider-item\"><figure><div class=\"eut-media\"><img loading=\"lazy\" decoding=\"async\" width=\"679\" height=\"1920\" src=\"https:\/\/lendroit.restaurant\/wp-content\/uploads\/2025\/12\/Sans-titre-10.5-x-29.7-cm-1-679x1920.png\" class=\"attachment-eut-image-fullscreen size-eut-image-fullscreen\" alt=\"\" srcset=\"https:\/\/lendroit.restaurant\/wp-content\/uploads\/2025\/12\/Sans-titre-10.5-x-29.7-cm-1-679x1920.png 679w, https:\/\/lendroit.restaurant\/wp-content\/uploads\/2025\/12\/Sans-titre-10.5-x-29.7-cm-1-106x300.png 106w, https:\/\/lendroit.restaurant\/wp-content\/uploads\/2025\/12\/Sans-titre-10.5-x-29.7-cm-1-362x1024.png 362w, https:\/\/lendroit.restaurant\/wp-content\/uploads\/2025\/12\/Sans-titre-10.5-x-29.7-cm-1-543x1536.png 543w, https:\/\/lendroit.restaurant\/wp-content\/uploads\/2025\/12\/Sans-titre-10.5-x-29.7-cm-1.png 707w\" sizes=\"auto, (max-width: 679px) 100vw, 679px\" \/><\/div><\/figure><\/div>\t<\/div><\/div>[\/vc_column][vc_column width=\u00a0\u00bb2\/3&Prime;]<div class=\"eut-element eut-gallery eut-isotope eut-gallery-popup eut-with-gap\" style=\"\" data-columns=\"3\" data-columns-tablet-landscape=\"2\" data-columns-tablet-portrait=\"2\" data-columns-mobile=\"1\" data-layout=\"masonry\">  <div class=\"eut-isotope-container\"><div class=\"eut-isotope-item  eut-image-square\"><a href=\"https:\/\/lendroit.restaurant\/wp-content\/uploads\/2025\/03\/Untitled-design-7.png\">    <figure class=\"eut-image-hover eut-zoom-in\">      <div class=\"eut-media eut-primary-1-overlay eut-opacity-30\"><img loading=\"lazy\" decoding=\"async\" width=\"600\" height=\"600\" src=\"https:\/\/lendroit.restaurant\/wp-content\/uploads\/2025\/03\/Untitled-design-7-600x600.png\" class=\"attachment-eut-image-small-square size-eut-image-small-square\" alt=\"\" srcset=\"https:\/\/lendroit.restaurant\/wp-content\/uploads\/2025\/03\/Untitled-design-7-600x600.png 600w, https:\/\/lendroit.restaurant\/wp-content\/uploads\/2025\/03\/Untitled-design-7-150x150.png 150w\" sizes=\"auto, (max-width: 600px) 100vw, 600px\" \/>      <\/div>      <figcaption>      <\/figcaption>    <\/figure><\/a><\/div><div class=\"eut-isotope-item  eut-image-square\"><a href=\"https:\/\/lendroit.restaurant\/wp-content\/uploads\/2025\/03\/Untitled-design-8.png\">    <figure class=\"eut-image-hover eut-zoom-in\">      <div class=\"eut-media eut-primary-1-overlay eut-opacity-30\"><img loading=\"lazy\" decoding=\"async\" width=\"600\" height=\"600\" src=\"https:\/\/lendroit.restaurant\/wp-content\/uploads\/2025\/03\/Untitled-design-8-600x600.png\" class=\"attachment-eut-image-small-square size-eut-image-small-square\" alt=\"\" srcset=\"https:\/\/lendroit.restaurant\/wp-content\/uploads\/2025\/03\/Untitled-design-8-600x600.png 600w, https:\/\/lendroit.restaurant\/wp-content\/uploads\/2025\/03\/Untitled-design-8-150x150.png 150w\" sizes=\"auto, (max-width: 600px) 100vw, 600px\" \/>      <\/div>      <figcaption>      <\/figcaption>    <\/figure><\/a><\/div><div class=\"eut-isotope-item  eut-image-square\"><a href=\"https:\/\/lendroit.restaurant\/wp-content\/uploads\/2025\/03\/Untitled-design-3.png\">    <figure class=\"eut-image-hover eut-zoom-in\">      <div class=\"eut-media eut-primary-1-overlay eut-opacity-30\"><img loading=\"lazy\" decoding=\"async\" width=\"600\" height=\"600\" src=\"https:\/\/lendroit.restaurant\/wp-content\/uploads\/2025\/03\/Untitled-design-3-600x600.png\" class=\"attachment-eut-image-small-square size-eut-image-small-square\" alt=\"\" srcset=\"https:\/\/lendroit.restaurant\/wp-content\/uploads\/2025\/03\/Untitled-design-3-600x600.png 600w, https:\/\/lendroit.restaurant\/wp-content\/uploads\/2025\/03\/Untitled-design-3-150x150.png 150w\" sizes=\"auto, (max-width: 600px) 100vw, 600px\" \/>      <\/div>      <figcaption>      <\/figcaption>    <\/figure><\/a><\/div><div class=\"eut-isotope-item  eut-image-landscape\"><a href=\"https:\/\/lendroit.restaurant\/wp-content\/uploads\/2024\/11\/WhatsApp-Image-2024-11-16-at-09.33.11-1440x1920.jpeg\">    <figure class=\"eut-image-hover eut-zoom-in\">      <div class=\"eut-media eut-primary-1-overlay eut-opacity-30\"><img loading=\"lazy\" decoding=\"async\" width=\"1120\" height=\"1120\" src=\"https:\/\/lendroit.restaurant\/wp-content\/uploads\/2024\/11\/WhatsApp-Image-2024-11-16-at-09.33.11-1120x1120.jpeg\" class=\"attachment-eut-image-medium-square size-eut-image-medium-square\" alt=\"\" srcset=\"https:\/\/lendroit.restaurant\/wp-content\/uploads\/2024\/11\/WhatsApp-Image-2024-11-16-at-09.33.11-1120x1120.jpeg 1120w, https:\/\/lendroit.restaurant\/wp-content\/uploads\/2024\/11\/WhatsApp-Image-2024-11-16-at-09.33.11-150x150.jpeg 150w, https:\/\/lendroit.restaurant\/wp-content\/uploads\/2024\/11\/WhatsApp-Image-2024-11-16-at-09.33.11-600x600.jpeg 600w\" sizes=\"auto, (max-width: 1120px) 100vw, 1120px\" \/>      <\/div>      <figcaption>      <\/figcaption>    <\/figure><\/a><\/div><div class=\"eut-isotope-item  eut-image-square\"><a href=\"https:\/\/lendroit.restaurant\/wp-content\/uploads\/2024\/11\/WhatsApp-Image-2024-11-16-at-09.33.11-1-1440x1920.jpeg\">    <figure class=\"eut-image-hover eut-zoom-in\">      <div class=\"eut-media eut-primary-1-overlay eut-opacity-30\"><img loading=\"lazy\" decoding=\"async\" width=\"600\" height=\"600\" src=\"https:\/\/lendroit.restaurant\/wp-content\/uploads\/2024\/11\/WhatsApp-Image-2024-11-16-at-09.33.11-1-600x600.jpeg\" class=\"attachment-eut-image-small-square size-eut-image-small-square\" alt=\"\" srcset=\"https:\/\/lendroit.restaurant\/wp-content\/uploads\/2024\/11\/WhatsApp-Image-2024-11-16-at-09.33.11-1-600x600.jpeg 600w, https:\/\/lendroit.restaurant\/wp-content\/uploads\/2024\/11\/WhatsApp-Image-2024-11-16-at-09.33.11-1-150x150.jpeg 150w, https:\/\/lendroit.restaurant\/wp-content\/uploads\/2024\/11\/WhatsApp-Image-2024-11-16-at-09.33.11-1-1120x1120.jpeg 1120w\" sizes=\"auto, (max-width: 600px) 100vw, 600px\" \/>      <\/div>      <figcaption>      <\/figcaption>    <\/figure><\/a><\/div><div class=\"eut-isotope-item  eut-image-square\"><a href=\"https:\/\/lendroit.restaurant\/wp-content\/uploads\/2025\/09\/Montage-de-3-Photos-Votre-Story-4.png\">    <figure class=\"eut-image-hover eut-zoom-in\">      <div class=\"eut-media eut-primary-1-overlay eut-opacity-30\"><img loading=\"lazy\" decoding=\"async\" width=\"600\" height=\"600\" src=\"https:\/\/lendroit.restaurant\/wp-content\/uploads\/2025\/09\/Montage-de-3-Photos-Votre-Story-4-600x600.png\" class=\"attachment-eut-image-small-square size-eut-image-small-square\" alt=\"\" srcset=\"https:\/\/lendroit.restaurant\/wp-content\/uploads\/2025\/09\/Montage-de-3-Photos-Votre-Story-4-600x600.png 600w, https:\/\/lendroit.restaurant\/wp-content\/uploads\/2025\/09\/Montage-de-3-Photos-Votre-Story-4-150x150.png 150w\" sizes=\"auto, (max-width: 600px) 100vw, 600px\" \/>      <\/div>      <figcaption>      <\/figcaption>    <\/figure><\/a><\/div><div class=\"eut-isotope-item  eut-image-large-square\"><a href=\"https:\/\/lendroit.restaurant\/wp-content\/uploads\/2025\/08\/Montage-de-3-Photos-Votre-Story.jpg\">    <figure class=\"eut-image-hover eut-zoom-in\">      <div class=\"eut-media eut-primary-1-overlay eut-opacity-30\"><img loading=\"lazy\" decoding=\"async\" width=\"1080\" height=\"1120\" src=\"https:\/\/lendroit.restaurant\/wp-content\/uploads\/2025\/08\/Montage-de-3-Photos-Votre-Story-1080x1120.jpg\" class=\"attachment-eut-image-medium-square size-eut-image-medium-square\" alt=\"\" \/>      <\/div>      <figcaption>      <\/figcaption>    <\/figure><\/a><\/div><div class=\"eut-isotope-item  eut-image-square\"><a href=\"https:\/\/lendroit.restaurant\/wp-content\/uploads\/2025\/12\/Design-sans-titre-1440x1920.png\">    <figure class=\"eut-image-hover eut-zoom-in\">      <div class=\"eut-media eut-primary-1-overlay eut-opacity-30\"><img loading=\"lazy\" decoding=\"async\" width=\"600\" height=\"600\" src=\"https:\/\/lendroit.restaurant\/wp-content\/uploads\/2025\/12\/Design-sans-titre-600x600.png\" class=\"attachment-eut-image-small-square size-eut-image-small-square\" alt=\"\" srcset=\"https:\/\/lendroit.restaurant\/wp-content\/uploads\/2025\/12\/Design-sans-titre-600x600.png 600w, https:\/\/lendroit.restaurant\/wp-content\/uploads\/2025\/12\/Design-sans-titre-150x150.png 150w, https:\/\/lendroit.restaurant\/wp-content\/uploads\/2025\/12\/Design-sans-titre-1120x1120.png 1120w\" sizes=\"auto, (max-width: 600px) 100vw, 600px\" \/>      <\/div>      <figcaption>      <\/figcaption>    <\/figure><\/a><\/div><div class=\"eut-isotope-item  eut-image-square\"><a href=\"https:\/\/lendroit.restaurant\/wp-content\/uploads\/2025\/12\/Montage-de-3-Photos-Votre-Story-6.png\">    <figure class=\"eut-image-hover eut-zoom-in\">      <div class=\"eut-media eut-primary-1-overlay eut-opacity-30\"><img loading=\"lazy\" decoding=\"async\" width=\"600\" height=\"600\" src=\"https:\/\/lendroit.restaurant\/wp-content\/uploads\/2025\/12\/Montage-de-3-Photos-Votre-Story-6-600x600.png\" class=\"attachment-eut-image-small-square size-eut-image-small-square\" alt=\"\" srcset=\"https:\/\/lendroit.restaurant\/wp-content\/uploads\/2025\/12\/Montage-de-3-Photos-Votre-Story-6-600x600.png 600w, https:\/\/lendroit.restaurant\/wp-content\/uploads\/2025\/12\/Montage-de-3-Photos-Votre-Story-6-150x150.png 150w\" sizes=\"auto, (max-width: 600px) 100vw, 600px\" \/>      <\/div>      <figcaption>      <\/figcaption>    <\/figure><\/a><\/div><div class=\"eut-isotope-item  eut-image-square\"><a href=\"https:\/\/lendroit.restaurant\/wp-content\/uploads\/2025\/12\/Design-sans-titre-1-1440x1920.png\">    <figure class=\"eut-image-hover eut-zoom-in\">      <div class=\"eut-media eut-primary-1-overlay eut-opacity-30\"><img loading=\"lazy\" decoding=\"async\" width=\"600\" height=\"600\" src=\"https:\/\/lendroit.restaurant\/wp-content\/uploads\/2025\/12\/Design-sans-titre-1-600x600.png\" class=\"attachment-eut-image-small-square size-eut-image-small-square\" alt=\"\" srcset=\"https:\/\/lendroit.restaurant\/wp-content\/uploads\/2025\/12\/Design-sans-titre-1-600x600.png 600w, https:\/\/lendroit.restaurant\/wp-content\/uploads\/2025\/12\/Design-sans-titre-1-150x150.png 150w, https:\/\/lendroit.restaurant\/wp-content\/uploads\/2025\/12\/Design-sans-titre-1-1120x1120.png 1120w\" sizes=\"auto, (max-width: 600px) 100vw, 600px\" \/>      <\/div>      <figcaption>      <\/figcaption>    <\/figure><\/a><\/div>  <\/div><\/div>[\/vc_column][\/vc_row][vc_row][vc_column][\/vc_column][\/vc_row][vc_row section_id=\u00a0\u00bbtable\u00a0\u00bb][vc_column width=\u00a0\u00bb1\/2&Prime;]<div class=\"eut-element eut-slogan eut-align-left eut-animated-item eut-fadeIn\" style=\"\" data-delay=\"200\"><div class=\"eut-subtitle\">Et\u00e9 2025<\/div><h1 class=\"eut-slogan-title eut-align-left eut-title-line\"><span>R\u00e9servation conseill\u00e9e<\/span><\/h1>  <p class=\"eut-leader-text\">Seul, en couple, en famille ou en groupe, nous vous accueillons du mercredi midi au dimanche midi avec le sourire !<\/p><\/div><div class=\"eut-element eut-image eut-animated-item eut-fadeIn eut-align-center\" style=\"\" data-delay=\"200\"><img loading=\"lazy\" decoding=\"async\" width=\"600\" height=\"600\" src=\"https:\/\/lendroit.restaurant\/wp-content\/uploads\/2025\/03\/Untitled-design-2-600x600.png\" class=\"attachment-eut-image-small-square size-eut-image-small-square\" alt=\"\" srcset=\"https:\/\/lendroit.restaurant\/wp-content\/uploads\/2025\/03\/Untitled-design-2-600x600.png 600w, https:\/\/lendroit.restaurant\/wp-content\/uploads\/2025\/03\/Untitled-design-2-150x150.png 150w\" sizes=\"auto, (max-width: 600px) 100vw, 600px\" \/><\/div>[\/vc_column][vc_column width=\u00a0\u00bb1\/2&Prime;][vc_column_text css=\u00a0\u00bb\u00a0\u00bb]<strong>L&rsquo;Endroit &#8211; Restaurant\u00a0<\/strong><br \/>\nPlace Urbain V,<br \/>\n48100 Le Monastier-Pin-Mori\u00e8s<br \/>\nFrance<br \/>\nT\u00e9l\u00e9phone : <strong>+33 4 66 45 05 53<\/strong><\/p>\n<p><strong>Jours d&rsquo;ouverture<\/strong><br \/>\nDu Mercredi midi au Dimanche midi.[\/vc_column_text]\n<div class=\"wpcf7 no-js\" id=\"wpcf7-f14-o1\" lang=\"fr-FR\" dir=\"ltr\" data-wpcf7-id=\"14\">\n<div class=\"screen-reader-response\"><p role=\"status\" aria-live=\"polite\" aria-atomic=\"true\"><\/p> <ul><\/ul><\/div>\n<form action=\"\/index.php\/wp-json\/wp\/v2\/pages\/2#wpcf7-f14-o1\" method=\"post\" class=\"wpcf7-form init\" aria-label=\"Formulaire de contact\" novalidate=\"novalidate\" data-status=\"init\">\n<fieldset class=\"hidden-fields-container\"><input type=\"hidden\" name=\"_wpcf7\" value=\"14\" \/><input type=\"hidden\" name=\"_wpcf7_version\" value=\"6.1.1\" \/><input type=\"hidden\" name=\"_wpcf7_locale\" value=\"fr_FR\" \/><input type=\"hidden\" name=\"_wpcf7_unit_tag\" value=\"wpcf7-f14-o1\" \/><input type=\"hidden\" name=\"_wpcf7_container_post\" value=\"0\" \/><input type=\"hidden\" name=\"_wpcf7_posted_data_hash\" value=\"\" \/><input type=\"hidden\" name=\"_cf7a__timestamp\" value=\"lkb7gQ35C2Mfcak4hYwqkQ==\" \/><input type=\"hidden\" name=\"_cf7a_version\" value=\"1.0\" \/><input type=\"hidden\" name=\"_cf7a_address\" value=\"ntHQdjvfseJU4eN9m4d67Q==\" \/><input type=\"hidden\" name=\"_cf7a_referer\" value=\"5POKlDor9NFHM4uqOeczrQ==\" \/><input type=\"hidden\" name=\"_cf7a_protocol\" value=\"ghPPil4+spnSVmK7W9OiKw==\" \/><input type=\"hidden\" name=\"_cf7a_bot_fingerprint\" value=\"lkb7gQ35C2Mfcak4hYwqkQ==\" \/><input type=\"hidden\" name=\"_cf7a_bot_fingerprint_extras\" \/><input type=\"hidden\" name=\"_cf7a_append_on_submit\" \/>\n<\/fieldset>\n<p><span class=\"wpcf7-form-control-wrap\" data-name=\"text-820\"><input size=\"40\" maxlength=\"400\" class=\"wpcf7-form-control wpcf7-text wpcf7-validates-as-required\" aria-required=\"true\" aria-invalid=\"false\" placeholder=\"Votre Nom\" value=\"\" type=\"text\" name=\"text-820\" \/><input type=\"text\" name=\"name\" value=\"\" autocomplete=\"fill\" class=\"fit-the-fullspace\" aria-hidden=\"true\" tabindex=\"-1\" \/><\/span><br \/>\n<span class=\"wpcf7-form-control-wrap\" data-name=\"text-962\"><input type=\"text\" name=\"email\" value=\"\" autocomplete=\"fill\" class=\"fit-the-fullspace\" aria-hidden=\"true\" tabindex=\"-1\" \/><input size=\"40\" maxlength=\"400\" class=\"wpcf7-form-control wpcf7-text wpcf7-validates-as-required\" aria-required=\"true\" aria-invalid=\"false\" placeholder=\"Votre Pr\u00e9nom\" value=\"\" type=\"text\" name=\"text-962\" \/><\/span><br \/>\n<span class=\"wpcf7-form-control-wrap\" data-name=\"email-980\"><input size=\"40\" maxlength=\"400\" class=\"wpcf7-form-control wpcf7-email wpcf7-validates-as-required wpcf7-text wpcf7-validates-as-email\" aria-required=\"true\" aria-invalid=\"false\" placeholder=\"Votre email\" value=\"\" type=\"email\" name=\"email-980\" \/><\/span><br \/>\n<span class=\"wpcf7-form-control-wrap\" data-name=\"textarea-321\"><textarea cols=\"40\" rows=\"10\" maxlength=\"2000\" class=\"wpcf7-form-control wpcf7-textarea wpcf7-validates-as-required\" aria-required=\"true\" aria-invalid=\"false\" placeholder=\"Votre message\" name=\"textarea-321\"><\/textarea><\/span><br \/>\n<input class=\"wpcf7-form-control wpcf7-submit has-spinner\" type=\"submit\" value=\"Envoyer\" \/>\n<\/p><p style=\"display: none !important;\" class=\"akismet-fields-container\" data-prefix=\"_wpcf7_ak_\"><label>&#916;<textarea name=\"_wpcf7_ak_hp_textarea\" cols=\"45\" rows=\"8\" maxlength=\"100\"><\/textarea><\/label><input type=\"hidden\" id=\"ak_js_1\" name=\"_wpcf7_ak_js\" value=\"6\"\/><script>document.getElementById( \"ak_js_1\" ).setAttribute( \"value\", ( new Date() ).getTime() );<\/script><\/p><div class=\"wpcf7-response-output\" aria-hidden=\"true\"><\/div>\n<\/form>\n<\/div>\n[\/vc_column][\/vc_row]<\/p>\n<\/div>","protected":false},"excerpt":{"rendered":"<p>Votre nom Votre e-mail Objet Votre message (facultatif) Ce formulaire utilise Akismet pour r\u00e9duire le courrier ind\u00e9sirable. D\u00e9couvrez comment vos donn\u00e9es sont trait\u00e9es. [vc_row section_id=\u00a0\u00bbrestaurant\u00a0\u00bb][vc_column width=\u00a0\u00bb1\/2&Prime;][\/vc_column][vc_column width=\u00a0\u00bb1\/2&Prime;][\/vc_column][\/vc_row][vc_row][vc_column][\/vc_column][\/vc_row][vc_row section_id=\u00a0\u00bbmenu\u00a0\u00bb][vc_column width=\u00a0\u00bb1\/3&Prime;][\/vc_column][vc_column width=\u00a0\u00bb2\/3&Prime;][\/vc_column][\/vc_row][vc_row][vc_column][\/vc_column][\/vc_row][vc_row section_id=\u00a0\u00bbtable\u00a0\u00bb][vc_column width=\u00a0\u00bb1\/2&Prime;][\/vc_column][vc_column width=\u00a0\u00bb1\/2&Prime;][vc_column_text css=\u00a0\u00bb\u00a0\u00bb]L&rsquo;Endroit &#8211; Restaurant\u00a0 Place Urbain V, 48100 Le Monastier-Pin-Mori\u00e8s France T\u00e9l\u00e9phone : +33 4 66 45 05 53 Jours d&rsquo;ouverture Du Mercredi [&hellip;]<\/p>\n","protected":false},"author":1,"featured_media":0,"parent":0,"menu_order":0,"comment_status":"closed","ping_status":"open","template":"","meta":{"footnotes":""},"class_list":["post-2","page","type-page","status-publish","hentry"],"_links":{"self":[{"href":"https:\/\/lendroit.restaurant\/index.php\/wp-json\/wp\/v2\/pages\/2","targetHints":{"allow":["GET"]}}],"collection":[{"href":"https:\/\/lendroit.restaurant\/index.php\/wp-json\/wp\/v2\/pages"}],"about":[{"href":"https:\/\/lendroit.restaurant\/index.php\/wp-json\/wp\/v2\/types\/page"}],"author":[{"embeddable":true,"href":"https:\/\/lendroit.restaurant\/index.php\/wp-json\/wp\/v2\/users\/1"}],"replies":[{"embeddable":true,"href":"https:\/\/lendroit.restaurant\/index.php\/wp-json\/wp\/v2\/comments?post=2"}],"version-history":[{"count":53,"href":"https:\/\/lendroit.restaurant\/index.php\/wp-json\/wp\/v2\/pages\/2\/revisions"}],"predecessor-version":[{"id":157,"href":"https:\/\/lendroit.restaurant\/index.php\/wp-json\/wp\/v2\/pages\/2\/revisions\/157"}],"wp:attachment":[{"href":"https:\/\/lendroit.restaurant\/index.php\/wp-json\/wp\/v2\/media?parent=2"}],"curies":[{"name":"wp","href":"https:\/\/api.w.org\/{rel}","templated":true}]}}